{"id":127,"date":"2025-04-15T22:55:56","date_gmt":"2025-04-15T22:55:56","guid":{"rendered":"https:\/\/seldwyla.ch\/?page_id=127"},"modified":"2025-04-15T22:55:56","modified_gmt":"2025-04-15T22:55:56","slug":"im-sturm","status":"publish","type":"page","link":"https:\/\/seldwyla.ch\/index.php\/im-sturm\/","title":{"rendered":"im sturm"},"content":{"rendered":"\n<p>hie \u00e4ne ke m\u00f6nsch und alles im schutt<br>ussert ere jugendstilbr\u00fcgg isch alls kaputt<br>chly wyter hinde ruumt eine schmuck zumene schouf\u00e4nster us<br>i n\u00e4hmt mer g\u00e4rn im gsch\u00e4ft dern\u00e4be so ne tschu-tschu-tschu-tschu<br>tschu-tschu-tschu-tschu tschu-tschu-tschu-tschu-m\u00e4rklin isebahn<br>doch da chunnt so ne wildi drohne u balleret eifach los<\/p>\n\n\n\n<blockquote class=\"wp-block-quote is-layout-flow wp-block-quote-is-layout-flow\">\n<p>du bisch dert \u00e4ne u s blitzt u kracht<br>i wett bi dir sy<br>z\u00e4me schaffe mers vilech no bis zu d\u00e4m turm<br>\u00e4s fl\u00fcgt \u00fcs alls um d ohre<br>du wettsch bi mir sy<br>mir hei \u00fcs immer ch\u00f6nne h\u00e4be<br>i jedem sturm<br><\/p>\n<\/blockquote>\n\n\n\n<p>dert \u00e4ne hanget \u00f6ppis schrecklechs amne pfahl<br>i dere w\u00e4lt bringt jede meter en anderi qual<br>i h\u00e4tt mit dir f\u00fcr ds l\u00e4be g\u00e4rn no so ne tscha-tscha-tscha-tscha tscha-tscha-tscha-tscha tscha-tscha-tscha-tscha tscha-tscha-tscha tanzt<br>doch was morn isch weiss nume ds schicksal u vilech das nid emal<\/p>\n\n\n\n<blockquote class=\"wp-block-quote is-layout-flow wp-block-quote-is-layout-flow\">\n<p>du bisch dert \u00e4ne u s blitzt u kracht\u2026<\/p>\n<\/blockquote>\n\n\n\n<p class=\"has-small-font-size\"><em>text u musig: lorenz hirni (feb 2025)<\/em><\/p>\n\n\n\n<p><\/p>\n","protected":false},"excerpt":{"rendered":"<p>hie \u00e4ne ke m\u00f6nsch und alles im schuttussert ere jugendstilbr\u00fcgg isch alls kaputtchly wyter hinde ruumt eine schmuck zumene schouf\u00e4nster usi n\u00e4hmt mer g\u00e4rn im gsch\u00e4ft dern\u00e4be so ne tschu-tschu-tschu-tschutschu-tschu-tschu-tschu tschu-tschu-tschu-tschu-m\u00e4rklin isebahndoch da chunnt so ne wildi drohne u balleret eifach los du bisch dert \u00e4ne u s blitzt u krachti wett bi dir syz\u00e4me [&hellip;]<\/p>\n","protected":false},"author":1,"featured_media":0,"parent":0,"menu_order":0,"comment_status":"closed","ping_status":"closed","template":"","meta":{"footnotes":""},"class_list":["post-127","page","type-page","status-publish","hentry"],"_links":{"self":[{"href":"https:\/\/seldwyla.ch\/index.php\/wp-json\/wp\/v2\/pages\/127","targetHints":{"allow":["GET"]}}],"collection":[{"href":"https:\/\/seldwyla.ch\/index.php\/wp-json\/wp\/v2\/pages"}],"about":[{"href":"https:\/\/seldwyla.ch\/index.php\/wp-json\/wp\/v2\/types\/page"}],"author":[{"embeddable":true,"href":"https:\/\/seldwyla.ch\/index.php\/wp-json\/wp\/v2\/users\/1"}],"replies":[{"embeddable":true,"href":"https:\/\/seldwyla.ch\/index.php\/wp-json\/wp\/v2\/comments?post=127"}],"version-history":[{"count":1,"href":"https:\/\/seldwyla.ch\/index.php\/wp-json\/wp\/v2\/pages\/127\/revisions"}],"predecessor-version":[{"id":129,"href":"https:\/\/seldwyla.ch\/index.php\/wp-json\/wp\/v2\/pages\/127\/revisions\/129"}],"wp:attachment":[{"href":"https:\/\/seldwyla.ch\/index.php\/wp-json\/wp\/v2\/media?parent=127"}],"curies":[{"name":"wp","href":"https:\/\/api.w.org\/{rel}","templated":true}]}}