{"id":133,"date":"2025-04-15T23:06:09","date_gmt":"2025-04-15T23:06:09","guid":{"rendered":"https:\/\/seldwyla.ch\/?page_id=133"},"modified":"2025-04-15T23:12:47","modified_gmt":"2025-04-15T23:12:47","slug":"seulement-un-reve","status":"publish","type":"page","link":"https:\/\/seldwyla.ch\/index.php\/seulement-un-reve\/","title":{"rendered":"seulement un r\u00eave"},"content":{"rendered":"\n<p>lumi\u00e8re douce de fin d&#8217;\u00e9t\u00e9<br>r\u00e9unis dans notre vieille cuisine<br>attabl\u00e9s avec une tasse de th\u00e9<br>tu nous contes tes voyages<\/p>\n\n\n\n<blockquote class=\"wp-block-quote is-layout-flow wp-block-quote-is-layout-flow\">\n<p>seulement un r\u00eave<br>c&#8217;est l&#8217;heure des adieux<br>un r\u00eave d\u00e9chir\u00e9<br>par un coup de feu<\/p>\n<\/blockquote>\n\n\n\n<p>maman s&#8217;affaire dans l&#8217;ombre<br>papa raconte sa journ\u00e9e<br>un vieux tube passe \u00e0 la radio<br>tu nous d\u00e9cris tes projets<\/p>\n\n\n\n<blockquote class=\"wp-block-quote is-layout-flow wp-block-quote-is-layout-flow\">\n<p>seulement un r\u00eave<br>c&#8217;est l&#8217;heure des adieux<br>un r\u00eave d\u00e9chir\u00e9<br>par un coup de feu<\/p>\n<\/blockquote>\n\n\n\n<p>tous ces r\u00eaves tourn\u00e9s en cauchemar<br>finalement, qu\u2019est-ce qu\u2019il nous reste ?<br>quelques photos, un drapeau pli\u00e9<br>triste sc\u00e8ne envelopp\u00e9e de brume<br>silence pesant, solitude et tristesse<br>tu avais toute ta vie devant toi<\/p>\n\n\n\n<p><\/p>\n\n\n\n<p class=\"has-small-font-size\"><em>paroles: fran\u00e7ois cuvit<br>musique: lorenz hirni<br>(avril 2010\/2021)<\/em><\/p>\n","protected":false},"excerpt":{"rendered":"<p>lumi\u00e8re douce de fin d&#8217;\u00e9t\u00e9r\u00e9unis dans notre vieille cuisineattabl\u00e9s avec une tasse de th\u00e9tu nous contes tes voyages seulement un r\u00eavec&#8217;est l&#8217;heure des adieuxun r\u00eave d\u00e9chir\u00e9par un coup de feu maman s&#8217;affaire dans l&#8217;ombrepapa raconte sa journ\u00e9eun vieux tube passe \u00e0 la radiotu nous d\u00e9cris tes projets seulement un r\u00eavec&#8217;est l&#8217;heure des adieuxun r\u00eave d\u00e9chir\u00e9par [&hellip;]<\/p>\n","protected":false},"author":1,"featured_media":0,"parent":0,"menu_order":0,"comment_status":"closed","ping_status":"closed","template":"","meta":{"footnotes":""},"class_list":["post-133","page","type-page","status-publish","hentry"],"_links":{"self":[{"href":"https:\/\/seldwyla.ch\/index.php\/wp-json\/wp\/v2\/pages\/133","targetHints":{"allow":["GET"]}}],"collection":[{"href":"https:\/\/seldwyla.ch\/index.php\/wp-json\/wp\/v2\/pages"}],"about":[{"href":"https:\/\/seldwyla.ch\/index.php\/wp-json\/wp\/v2\/types\/page"}],"author":[{"embeddable":true,"href":"https:\/\/seldwyla.ch\/index.php\/wp-json\/wp\/v2\/users\/1"}],"replies":[{"embeddable":true,"href":"https:\/\/seldwyla.ch\/index.php\/wp-json\/wp\/v2\/comments?post=133"}],"version-history":[{"count":5,"href":"https:\/\/seldwyla.ch\/index.php\/wp-json\/wp\/v2\/pages\/133\/revisions"}],"predecessor-version":[{"id":141,"href":"https:\/\/seldwyla.ch\/index.php\/wp-json\/wp\/v2\/pages\/133\/revisions\/141"}],"wp:attachment":[{"href":"https:\/\/seldwyla.ch\/index.php\/wp-json\/wp\/v2\/media?parent=133"}],"curies":[{"name":"wp","href":"https:\/\/api.w.org\/{rel}","templated":true}]}}