{"id":342,"date":"2026-02-24T07:57:48","date_gmt":"2026-02-24T07:57:48","guid":{"rendered":"https:\/\/seldwyla.ch\/?page_id=342"},"modified":"2026-02-24T08:29:03","modified_gmt":"2026-02-24T08:29:03","slug":"ueber-dalpe","status":"publish","type":"page","link":"https:\/\/seldwyla.ch\/index.php\/ueber-dalpe\/","title":{"rendered":"\u00fcber d alpe"},"content":{"rendered":"\n<p>du bisch f\u00fcr n\u00fc\u00fct<br>s\u00e4ge fasch alli hie<br>la s la sy<br>s chunnt eh nid guet<br>i bi f\u00fcr n\u00fc\u00fct<br>t\u00f6nt s tief i mir<br>gsp\u00fcre fasch<br>meh angscht als wuet<br><br>spring gschider nid<br>heisst\u2019s vo \u00fcberall<br>wehre mi n\u00fcmm<br>ha\u2019s akzeptiert<br>spring gschider nid<br>mir meines guet mit dir doch i<br>h\u00e4tt\u2019s f\u00fcrs l\u00e4be g\u00e4rn probiert<br><br><em>leg di jitz i wind<br>breit dini schwinge nus<br>streck se wie no nie<br>mach d ouge zue<br>leg di jitz i wind<br>wind u s\u00fcsch gar n\u00fc\u00fct me<br>gleit \u00fcber d alpe bis as meer<\/em><br><\/p>\n\n\n\n<p><sub><em>musik und text: lorenz hirni 2025<\/em><\/sub><\/p>\n","protected":false},"excerpt":{"rendered":"<p>du bisch f\u00fcr n\u00fc\u00fcts\u00e4ge fasch alli hiela s la sys chunnt eh nid gueti bi f\u00fcr n\u00fc\u00fctt\u00f6nt s tief i mirgsp\u00fcre faschmeh angscht als wuet spring gschider nidheisst\u2019s vo \u00fcberallwehre mi n\u00fcmmha\u2019s akzeptiertspring gschider nidmir meines guet mit dir doch ih\u00e4tt\u2019s f\u00fcrs l\u00e4be g\u00e4rn probiert leg di jitz i windbreit dini schwinge nusstreck se wie [&hellip;]<\/p>\n","protected":false},"author":1,"featured_media":0,"parent":0,"menu_order":0,"comment_status":"closed","ping_status":"closed","template":"","meta":{"footnotes":""},"class_list":["post-342","page","type-page","status-publish","hentry"],"_links":{"self":[{"href":"https:\/\/seldwyla.ch\/index.php\/wp-json\/wp\/v2\/pages\/342","targetHints":{"allow":["GET"]}}],"collection":[{"href":"https:\/\/seldwyla.ch\/index.php\/wp-json\/wp\/v2\/pages"}],"about":[{"href":"https:\/\/seldwyla.ch\/index.php\/wp-json\/wp\/v2\/types\/page"}],"author":[{"embeddable":true,"href":"https:\/\/seldwyla.ch\/index.php\/wp-json\/wp\/v2\/users\/1"}],"replies":[{"embeddable":true,"href":"https:\/\/seldwyla.ch\/index.php\/wp-json\/wp\/v2\/comments?post=342"}],"version-history":[{"count":4,"href":"https:\/\/seldwyla.ch\/index.php\/wp-json\/wp\/v2\/pages\/342\/revisions"}],"predecessor-version":[{"id":363,"href":"https:\/\/seldwyla.ch\/index.php\/wp-json\/wp\/v2\/pages\/342\/revisions\/363"}],"wp:attachment":[{"href":"https:\/\/seldwyla.ch\/index.php\/wp-json\/wp\/v2\/media?parent=342"}],"curies":[{"name":"wp","href":"https:\/\/api.w.org\/{rel}","templated":true}]}}