{"id":346,"date":"2026-02-24T08:14:55","date_gmt":"2026-02-24T08:14:55","guid":{"rendered":"https:\/\/seldwyla.ch\/?page_id=346"},"modified":"2026-02-24T08:54:42","modified_gmt":"2026-02-24T08:54:42","slug":"lotusblueete","status":"publish","type":"page","link":"https:\/\/seldwyla.ch\/index.php\/lotusblueete\/","title":{"rendered":"lotusbl\u00fcete"},"content":{"rendered":"\n<p>Ds Wort B\u00fcrogummi das isch d\u00e4nn un duss<br>u isch im All verhallt<br>Ds Naturflash m\u00fcess i ha finsch du<br>u zerrsch mi stracks uf d Alp<br>U bevor i\u2019s richtig merke<br>L\u00e4beni scho ds L\u00e4be vore Chueh<br><br>E Fl\u00f6igedr\u00e4ck chl\u00e4bt i mim Haar \u2013<br>mi Blick isch gscherft<br>Mikroskopisch geits jitz ab u vo d\u00e4m<br>Tantra hesch no n\u00fc\u00fct verlehrt<br>Es isch alls so sch\u00f6n harmonisch<br>doch die Folie da passt eifach nid derzue<br>es isch alls so sch\u00f6n harmonisch<br>doch die Folie da passt eifach nid derzue<br><br><em>un i nime vieli vieli wildi Blueme n ab de<br>Stile und i stecke se is Haar<br>un i tanze f\u00fcdleblutt im Gras d\u00e4m violette<br>Vogel und dr L\u00fctschine na<br>uni nime nime nime no chly meh du seisch es<br>ch\u00f6nnt no Farbe ha<br>u das alles nume will du mini Lotusbl\u00fcete<br>bisch<\/em><br><br>D Chr\u00e4ie R\u00f6bi chrait u chr\u00e4it u triebt \u00fcs alli<br>B\u00e4rggeischter us<br>Du lachisch ganz verz\u00fcckt und irr derbi loufts der<br>rot zur Nase us<br>De schnureni chly mit R\u00f6bi doch die Chr\u00e4ie seit<br>der Summer sig verbi<br>De schnureni chly mit R\u00f6bi doch die Chr\u00e4ie seit<br>der Summer sig verbi<br><em><br>Uni nime&#8230;<\/em><br><br><em><sub>text und musik: lorenz hirni<br>entstehungsjahr: lange, lange her&#8230;<\/sub><\/em><br><\/p>\n","protected":false},"excerpt":{"rendered":"<p>Ds Wort B\u00fcrogummi das isch d\u00e4nn un dussu isch im All verhalltDs Naturflash m\u00fcess i ha finsch duu zerrsch mi stracks uf d AlpU bevor i\u2019s richtig merkeL\u00e4beni scho ds L\u00e4be vore Chueh E Fl\u00f6igedr\u00e4ck chl\u00e4bt i mim Haar \u2013mi Blick isch gscherftMikroskopisch geits jitz ab u vo d\u00e4mTantra hesch no n\u00fc\u00fct verlehrtEs isch alls [&hellip;]<\/p>\n","protected":false},"author":1,"featured_media":0,"parent":0,"menu_order":0,"comment_status":"closed","ping_status":"closed","template":"","meta":{"footnotes":""},"class_list":["post-346","page","type-page","status-publish","hentry"],"_links":{"self":[{"href":"https:\/\/seldwyla.ch\/index.php\/wp-json\/wp\/v2\/pages\/346","targetHints":{"allow":["GET"]}}],"collection":[{"href":"https:\/\/seldwyla.ch\/index.php\/wp-json\/wp\/v2\/pages"}],"about":[{"href":"https:\/\/seldwyla.ch\/index.php\/wp-json\/wp\/v2\/types\/page"}],"author":[{"embeddable":true,"href":"https:\/\/seldwyla.ch\/index.php\/wp-json\/wp\/v2\/users\/1"}],"replies":[{"embeddable":true,"href":"https:\/\/seldwyla.ch\/index.php\/wp-json\/wp\/v2\/comments?post=346"}],"version-history":[{"count":2,"href":"https:\/\/seldwyla.ch\/index.php\/wp-json\/wp\/v2\/pages\/346\/revisions"}],"predecessor-version":[{"id":365,"href":"https:\/\/seldwyla.ch\/index.php\/wp-json\/wp\/v2\/pages\/346\/revisions\/365"}],"wp:attachment":[{"href":"https:\/\/seldwyla.ch\/index.php\/wp-json\/wp\/v2\/media?parent=346"}],"curies":[{"name":"wp","href":"https:\/\/api.w.org\/{rel}","templated":true}]}}