{"id":352,"date":"2026-02-24T08:17:28","date_gmt":"2026-02-24T08:17:28","guid":{"rendered":"https:\/\/seldwyla.ch\/?page_id=352"},"modified":"2026-03-23T09:53:52","modified_gmt":"2026-03-23T09:53:52","slug":"un-autre-nom","status":"publish","type":"page","link":"https:\/\/seldwyla.ch\/index.php\/un-autre-nom\/","title":{"rendered":"un autre nom"},"content":{"rendered":"\n<p><\/p>\n\n\n\n<p>un \u00e9tang de r\u00eaves de mort<br>tous accus\u00e9s \u00e0 tort<br>un vrai corps \u00e0 corps<br>la loi du plus fort \u00e9tait forte<br><\/p>\n\n\n\n<p><strong><em>c&#8217;est un nom<\/em><\/strong><br><strong><em>seulement un nom<\/em><\/strong><br><strong><em>seulement un autre nom pour la guerre<\/em><\/strong><br><br>un lac de r\u00eaves de mort<br>et des mensonges forts<br>c&#8217;est comme un tirage au sort<br>mais un coup mont\u00e9 co\u00fbte la vie<br><\/p>\n\n\n\n<p><strong><em>c&#8217;est un nom<\/em><\/strong><br><strong><em>seulement un nom<\/em><\/strong><br><strong><em>seulement un autre nom pour la guerre<br><br>Tout d&#8217;un coup \u00e7a devient r\u00e9el<\/em><\/strong><br><strong><em>Tout d&#8217;un coup un g\u00f4ut de guerre<\/em><\/strong><br><strong><em>Tout d&#8217;un coup \u00e7a devient r\u00e9el<\/em><\/strong><br><strong><em>Tout d&#8217;un coup un g\u00f4ut de guerre<\/em><\/strong><\/p>\n\n\n\n<p><\/p>\n\n\n\n<p>une mer de haine et mort<br>d\u00e9sesp\u00e9rance me torturerait<br>le mal trop fort<br>mais jamais, jamais je n&#8217;abdiquerai<br><\/p>\n\n\n\n<p><em>c&#8217;est un nom\u2026<\/em><\/p>\n\n\n\n<p><\/p>\n\n\n\n<p><em><sub>musik und text: lorenz hirni, entstehungsjahr unbekannt <\/sub><\/em> <\/p>\n","protected":false},"excerpt":{"rendered":"<p>un \u00e9tang de r\u00eaves de morttous accus\u00e9s \u00e0 tortun vrai corps \u00e0 corpsla loi du plus fort \u00e9tait forte c&#8217;est un nomseulement un nomseulement un autre nom pour la guerre un lac de r\u00eaves de mortet des mensonges fortsc&#8217;est comme un tirage au sortmais un coup mont\u00e9 co\u00fbte la vie c&#8217;est un nomseulement un nomseulement [&hellip;]<\/p>\n","protected":false},"author":1,"featured_media":0,"parent":0,"menu_order":0,"comment_status":"closed","ping_status":"closed","template":"","meta":{"footnotes":""},"class_list":["post-352","page","type-page","status-publish","hentry"],"_links":{"self":[{"href":"https:\/\/seldwyla.ch\/index.php\/wp-json\/wp\/v2\/pages\/352","targetHints":{"allow":["GET"]}}],"collection":[{"href":"https:\/\/seldwyla.ch\/index.php\/wp-json\/wp\/v2\/pages"}],"about":[{"href":"https:\/\/seldwyla.ch\/index.php\/wp-json\/wp\/v2\/types\/page"}],"author":[{"embeddable":true,"href":"https:\/\/seldwyla.ch\/index.php\/wp-json\/wp\/v2\/users\/1"}],"replies":[{"embeddable":true,"href":"https:\/\/seldwyla.ch\/index.php\/wp-json\/wp\/v2\/comments?post=352"}],"version-history":[{"count":3,"href":"https:\/\/seldwyla.ch\/index.php\/wp-json\/wp\/v2\/pages\/352\/revisions"}],"predecessor-version":[{"id":384,"href":"https:\/\/seldwyla.ch\/index.php\/wp-json\/wp\/v2\/pages\/352\/revisions\/384"}],"wp:attachment":[{"href":"https:\/\/seldwyla.ch\/index.php\/wp-json\/wp\/v2\/media?parent=352"}],"curies":[{"name":"wp","href":"https:\/\/api.w.org\/{rel}","templated":true}]}}